{"id":255,"date":"2021-05-07T13:45:21","date_gmt":"2021-05-07T13:45:21","guid":{"rendered":"http:\/\/marronproduccions.com\/?page_id=255"},"modified":"2022-10-18T16:37:53","modified_gmt":"2022-10-18T16:37:53","slug":"home","status":"publish","type":"page","link":"https:\/\/marronproduccions.com\/","title":{"rendered":"INICIO"},"content":{"rendered":"\t\t<div data-elementor-type=\"wp-page\" data-elementor-id=\"255\" class=\"elementor elementor-255\">\n\t\t\t\t\t\t<section class=\"elementor-section elementor-top-section elementor-element elementor-element-e8e8895 elementor-section-boxed elementor-section-height-default elementor-section-height-default\" data-id=\"e8e8895\" data-element_type=\"section\" data-e-type=\"section\" data-settings=\"{&quot;background_background&quot;:&quot;classic&quot;}\">\n\t\t\t\t\t\t\t<div class=\"elementor-background-overlay\"><\/div>\n\t\t\t\t\t\t\t<div class=\"elementor-container elementor-column-gap-no\">\n\t\t\t\t\t<div class=\"elementor-column elementor-col-50 elementor-top-column elementor-element elementor-element-4c147b6\" data-id=\"4c147b6\" data-element_type=\"column\" data-e-type=\"column\">\n\t\t\t<div class=\"elementor-widget-wrap elementor-element-populated\">\n\t\t\t\t\t\t<div class=\"elementor-element elementor-element-cb4d2ed elementor-widget elementor-widget-heading\" data-id=\"cb4d2ed\" data-element_type=\"widget\" data-e-type=\"widget\" data-widget_type=\"heading.default\">\n\t\t\t\t<div class=\"elementor-widget-container\">\n\t\t\t\t\t<h1 class=\"elementor-heading-title elementor-size-default\">Encuentro de J\u00f3venes Gestores<\/h1>\t\t\t\t<\/div>\n\t\t\t\t<\/div>\n\t\t\t\t<div class=\"elementor-element elementor-element-8d1665c elementor-widget elementor-widget-button\" data-id=\"8d1665c\" data-element_type=\"widget\" data-e-type=\"widget\" data-widget_type=\"button.default\">\n\t\t\t\t<div class=\"elementor-widget-container\">\n\t\t\t\t\t\t\t\t\t<div class=\"elementor-button-wrapper\">\n\t\t\t\t\t<a class=\"elementor-button elementor-button-link elementor-size-md\" href=\"mailto:info@marronproduccions.com\">\n\t\t\t\t\t\t<span class=\"elementor-button-content-wrapper\">\n\t\t\t\t\t\t\t\t\t<span class=\"elementor-button-text\">REGISTRATE<\/span>\n\t\t\t\t\t<\/span>\n\t\t\t\t\t<\/a>\n\t\t\t\t<\/div>\n\t\t\t\t\t\t\t\t<\/div>\n\t\t\t\t<\/div>\n\t\t\t\t<div class=\"elementor-element elementor-element-bb7a62a elementor-widget elementor-widget-text-editor\" data-id=\"bb7a62a\" data-element_type=\"widget\" data-e-type=\"widget\" data-widget_type=\"text-editor.default\">\n\t\t\t\t<div class=\"elementor-widget-container\">\n\t\t\t\t\t\t\t\t\t<p>La idea principal es generar un espacio de encuentro y conversaci\u00f3n entre profesionales emergentes interesados en el mundo cultural, as\u00ed como dar la bienvenida a las personas que se incorporan este a\u00f1o al mundo de la gesti\u00f3n cultural.<\/p>\t\t\t\t\t\t\t\t<\/div>\n\t\t\t\t<\/div>\n\t\t\t\t\t<\/div>\n\t\t<\/div>\n\t\t\t\t<div class=\"elementor-column elementor-col-50 elementor-top-column elementor-element elementor-element-62eb4ad\" data-id=\"62eb4ad\" data-element_type=\"column\" data-e-type=\"column\">\n\t\t\t<div class=\"elementor-widget-wrap elementor-element-populated\">\n\t\t\t\t\t\t<div class=\"elementor-element elementor-element-c318251 elementor-widget elementor-widget-image\" data-id=\"c318251\" data-element_type=\"widget\" data-e-type=\"widget\" data-widget_type=\"image.default\">\n\t\t\t\t<div class=\"elementor-widget-container\">\n\t\t\t\t\t\t\t\t\t\t\t\t\t\t\t<img fetchpriority=\"high\" decoding=\"async\" width=\"768\" height=\"769\" src=\"https:\/\/marronproduccions.com\/wp-content\/uploads\/2022\/10\/ecj-08-768x769.png\" class=\"attachment-medium_large size-medium_large wp-image-388\" alt=\"\" srcset=\"https:\/\/marronproduccions.com\/wp-content\/uploads\/2022\/10\/ecj-08-768x769.png 768w, https:\/\/marronproduccions.com\/wp-content\/uploads\/2022\/10\/ecj-08-300x300.png 300w, https:\/\/marronproduccions.com\/wp-content\/uploads\/2022\/10\/ecj-08-1024x1024.png 1024w, https:\/\/marronproduccions.com\/wp-content\/uploads\/2022\/10\/ecj-08-150x150.png 150w, https:\/\/marronproduccions.com\/wp-content\/uploads\/2022\/10\/ecj-08.png 1241w\" sizes=\"(max-width: 768px) 100vw, 768px\" \/>\t\t\t\t\t\t\t\t\t\t\t\t\t\t\t<\/div>\n\t\t\t\t<\/div>\n\t\t\t\t\t<\/div>\n\t\t<\/div>\n\t\t\t\t\t<\/div>\n\t\t<\/section>\n\t\t\t\t<section class=\"elementor-section elementor-top-section elementor-element elementor-element-25806d3 elementor-section-content-middle elementor-section-boxed elementor-section-height-default elementor-section-height-default\" data-id=\"25806d3\" data-element_type=\"section\" data-e-type=\"section\">\n\t\t\t\t\t\t<div class=\"elementor-container elementor-column-gap-no\">\n\t\t\t\t\t<div class=\"elementor-column elementor-col-50 elementor-top-column elementor-element elementor-element-54a0987\" data-id=\"54a0987\" data-element_type=\"column\" data-e-type=\"column\">\n\t\t\t<div class=\"elementor-widget-wrap elementor-element-populated\">\n\t\t\t\t\t\t<div class=\"elementor-element elementor-element-9c7f3ef elementor-widget__width-initial elementor-widget-mobile__width-inherit elementor-widget-tablet__width-inherit elementor-widget elementor-widget-heading\" data-id=\"9c7f3ef\" data-element_type=\"widget\" data-e-type=\"widget\" data-widget_type=\"heading.default\">\n\t\t\t\t<div class=\"elementor-widget-container\">\n\t\t\t\t\t<h2 class=\"elementor-heading-title elementor-size-default\">MARRONES<\/h2>\t\t\t\t<\/div>\n\t\t\t\t<\/div>\n\t\t\t\t<div class=\"elementor-element elementor-element-b33303f elementor-widget elementor-widget-image\" data-id=\"b33303f\" data-element_type=\"widget\" data-e-type=\"widget\" data-widget_type=\"image.default\">\n\t\t\t\t<div class=\"elementor-widget-container\">\n\t\t\t\t\t\t\t\t\t\t\t\t\t\t\t<img decoding=\"async\" width=\"1024\" height=\"701\" src=\"https:\/\/marronproduccions.com\/wp-content\/uploads\/2022\/09\/theater-stage-light-theater-stage-430552-1024x701.jpg\" class=\"attachment-large size-large wp-image-303\" alt=\"theater stage, light, theater stage-430552.jpg\" srcset=\"https:\/\/marronproduccions.com\/wp-content\/uploads\/2022\/09\/theater-stage-light-theater-stage-430552-1024x701.jpg 1024w, https:\/\/marronproduccions.com\/wp-content\/uploads\/2022\/09\/theater-stage-light-theater-stage-430552-300x205.jpg 300w, https:\/\/marronproduccions.com\/wp-content\/uploads\/2022\/09\/theater-stage-light-theater-stage-430552-768x526.jpg 768w, https:\/\/marronproduccions.com\/wp-content\/uploads\/2022\/09\/theater-stage-light-theater-stage-430552.jpg 1280w\" sizes=\"(max-width: 1024px) 100vw, 1024px\" \/>\t\t\t\t\t\t\t\t\t\t\t\t\t\t\t<\/div>\n\t\t\t\t<\/div>\n\t\t\t\t\t<\/div>\n\t\t<\/div>\n\t\t\t\t<div class=\"elementor-column elementor-col-50 elementor-top-column elementor-element elementor-element-651f688\" data-id=\"651f688\" data-element_type=\"column\" data-e-type=\"column\">\n\t\t\t<div class=\"elementor-widget-wrap elementor-element-populated\">\n\t\t\t\t\t\t<div class=\"elementor-element elementor-element-5ea9fbb elementor-vertical-align-top elementor-widget elementor-widget-image-box\" data-id=\"5ea9fbb\" data-element_type=\"widget\" data-e-type=\"widget\" data-widget_type=\"image-box.default\">\n\t\t\t\t<div class=\"elementor-widget-container\">\n\t\t\t\t\t<div class=\"elementor-image-box-wrapper\"><div class=\"elementor-image-box-content\"><h3 class=\"elementor-image-box-title\">Nuestra Marron<\/h3><p class=\"elementor-image-box-description\">Desde un comienzo fue pensar en la idea de que los artistas necesitan solucionar marrones, es por eso que en 2022 se reunieron 3 compa\u00f1er@s que juntaron la el dise\u00f1o, teatro y fotograf\u00eda para crear Marron produccions.\n\n<\/p><\/div><\/div>\t\t\t\t<\/div>\n\t\t\t\t<\/div>\n\t\t\t\t<div class=\"elementor-element elementor-element-6dde082 elementor-widget elementor-widget-button\" data-id=\"6dde082\" data-element_type=\"widget\" data-e-type=\"widget\" data-widget_type=\"button.default\">\n\t\t\t\t<div class=\"elementor-widget-container\">\n\t\t\t\t\t\t\t\t\t<div class=\"elementor-button-wrapper\">\n\t\t\t\t\t<a class=\"elementor-button elementor-button-link elementor-size-sm\" href=\"#\">\n\t\t\t\t\t\t<span class=\"elementor-button-content-wrapper\">\n\t\t\t\t\t\t\t\t\t<span class=\"elementor-button-text\">Hablanos<\/span>\n\t\t\t\t\t<\/span>\n\t\t\t\t\t<\/a>\n\t\t\t\t<\/div>\n\t\t\t\t\t\t\t\t<\/div>\n\t\t\t\t<\/div>\n\t\t\t\t\t<\/div>\n\t\t<\/div>\n\t\t\t\t\t<\/div>\n\t\t<\/section>\n\t\t\t\t<section class=\"elementor-section elementor-top-section elementor-element elementor-element-63ce109 elementor-section-boxed elementor-section-height-default elementor-section-height-default\" data-id=\"63ce109\" data-element_type=\"section\" data-e-type=\"section\" data-settings=\"{&quot;background_background&quot;:&quot;classic&quot;}\">\n\t\t\t\t\t\t<div class=\"elementor-container elementor-column-gap-no\">\n\t\t\t\t\t<div class=\"elementor-column elementor-col-50 elementor-top-column elementor-element elementor-element-d378906\" data-id=\"d378906\" data-element_type=\"column\" data-e-type=\"column\">\n\t\t\t<div class=\"elementor-widget-wrap elementor-element-populated\">\n\t\t\t\t\t\t<div class=\"elementor-element elementor-element-8eb8715 elementor-widget-mobile__width-inherit elementor-widget elementor-widget-heading\" data-id=\"8eb8715\" data-element_type=\"widget\" data-e-type=\"widget\" data-widget_type=\"heading.default\">\n\t\t\t\t<div class=\"elementor-widget-container\">\n\t\t\t\t\t<h2 class=\"elementor-heading-title elementor-size-default\">Nos centramos en la idea de la obra<\/h2>\t\t\t\t<\/div>\n\t\t\t\t<\/div>\n\t\t\t\t<div class=\"elementor-element elementor-element-8a65923 elementor-position-top elementor-widget elementor-widget-image-box\" data-id=\"8a65923\" data-element_type=\"widget\" data-e-type=\"widget\" data-widget_type=\"image-box.default\">\n\t\t\t\t<div class=\"elementor-widget-container\">\n\t\t\t\t\t<div class=\"elementor-image-box-wrapper\"><figure class=\"elementor-image-box-img\"><img decoding=\"async\" width=\"1280\" height=\"853\" src=\"https:\/\/marronproduccions.com\/wp-content\/uploads\/2022\/09\/live-music-rock-show-2219036.jpg\" class=\"attachment-full size-full wp-image-305\" alt=\"live music, rock, show-2219036.jpg\" srcset=\"https:\/\/marronproduccions.com\/wp-content\/uploads\/2022\/09\/live-music-rock-show-2219036.jpg 1280w, https:\/\/marronproduccions.com\/wp-content\/uploads\/2022\/09\/live-music-rock-show-2219036-300x200.jpg 300w, https:\/\/marronproduccions.com\/wp-content\/uploads\/2022\/09\/live-music-rock-show-2219036-1024x682.jpg 1024w, https:\/\/marronproduccions.com\/wp-content\/uploads\/2022\/09\/live-music-rock-show-2219036-768x512.jpg 768w\" sizes=\"(max-width: 1280px) 100vw, 1280px\" \/><\/figure><div class=\"elementor-image-box-content\"><h3 class=\"elementor-image-box-title\">Te ayudamos a montar !<\/h3><\/div><\/div>\t\t\t\t<\/div>\n\t\t\t\t<\/div>\n\t\t\t\t<div class=\"elementor-element elementor-element-ab04bd1 elementor-position-top elementor-widget elementor-widget-image-box\" data-id=\"ab04bd1\" data-element_type=\"widget\" data-e-type=\"widget\" data-widget_type=\"image-box.default\">\n\t\t\t\t<div class=\"elementor-widget-container\">\n\t\t\t\t\t<div class=\"elementor-image-box-wrapper\"><figure class=\"elementor-image-box-img\"><img loading=\"lazy\" decoding=\"async\" width=\"1600\" height=\"1066\" src=\"https:\/\/marronproduccions.com\/wp-content\/uploads\/2022\/09\/WhatsApp-Image-2022-08-13-at-11.38.14.jpeg\" class=\"attachment-full size-full wp-image-301\" alt=\"\" srcset=\"https:\/\/marronproduccions.com\/wp-content\/uploads\/2022\/09\/WhatsApp-Image-2022-08-13-at-11.38.14.jpeg 1600w, https:\/\/marronproduccions.com\/wp-content\/uploads\/2022\/09\/WhatsApp-Image-2022-08-13-at-11.38.14-300x200.jpeg 300w, https:\/\/marronproduccions.com\/wp-content\/uploads\/2022\/09\/WhatsApp-Image-2022-08-13-at-11.38.14-1024x682.jpeg 1024w, https:\/\/marronproduccions.com\/wp-content\/uploads\/2022\/09\/WhatsApp-Image-2022-08-13-at-11.38.14-768x512.jpeg 768w, https:\/\/marronproduccions.com\/wp-content\/uploads\/2022\/09\/WhatsApp-Image-2022-08-13-at-11.38.14-1536x1023.jpeg 1536w\" sizes=\"(max-width: 1600px) 100vw, 1600px\" \/><\/figure><div class=\"elementor-image-box-content\"><h3 class=\"elementor-image-box-title\">Produccion Audiovisual<\/h3><\/div><\/div>\t\t\t\t<\/div>\n\t\t\t\t<\/div>\n\t\t\t\t\t<\/div>\n\t\t<\/div>\n\t\t\t\t<div class=\"elementor-column elementor-col-50 elementor-top-column elementor-element elementor-element-cbbaf1e\" data-id=\"cbbaf1e\" data-element_type=\"column\" data-e-type=\"column\">\n\t\t\t<div class=\"elementor-widget-wrap elementor-element-populated\">\n\t\t\t\t\t\t<div class=\"elementor-element elementor-element-8e76125 elementor-position-top elementor-widget elementor-widget-image-box\" data-id=\"8e76125\" data-element_type=\"widget\" data-e-type=\"widget\" data-widget_type=\"image-box.default\">\n\t\t\t\t<div class=\"elementor-widget-container\">\n\t\t\t\t\t<div class=\"elementor-image-box-wrapper\"><figure class=\"elementor-image-box-img\"><img loading=\"lazy\" decoding=\"async\" width=\"1280\" height=\"853\" src=\"https:\/\/marronproduccions.com\/wp-content\/uploads\/2022\/09\/theatre-dark-spotlight-2601686.jpg\" class=\"attachment-full size-full wp-image-304\" alt=\"theatre, dark, spotlight-2601686.jpg\" srcset=\"https:\/\/marronproduccions.com\/wp-content\/uploads\/2022\/09\/theatre-dark-spotlight-2601686.jpg 1280w, https:\/\/marronproduccions.com\/wp-content\/uploads\/2022\/09\/theatre-dark-spotlight-2601686-300x200.jpg 300w, https:\/\/marronproduccions.com\/wp-content\/uploads\/2022\/09\/theatre-dark-spotlight-2601686-1024x682.jpg 1024w, https:\/\/marronproduccions.com\/wp-content\/uploads\/2022\/09\/theatre-dark-spotlight-2601686-768x512.jpg 768w\" sizes=\"(max-width: 1280px) 100vw, 1280px\" \/><\/figure><div class=\"elementor-image-box-content\"><h3 class=\"elementor-image-box-title\">Iluminamos el espectaculo<\/h3><\/div><\/div>\t\t\t\t<\/div>\n\t\t\t\t<\/div>\n\t\t\t\t<div class=\"elementor-element elementor-element-5b9ca08 elementor-position-top elementor-widget elementor-widget-image-box\" data-id=\"5b9ca08\" data-element_type=\"widget\" data-e-type=\"widget\" data-widget_type=\"image-box.default\">\n\t\t\t\t<div class=\"elementor-widget-container\">\n\t\t\t\t\t<div class=\"elementor-image-box-wrapper\"><figure class=\"elementor-image-box-img\"><img loading=\"lazy\" decoding=\"async\" width=\"1280\" height=\"741\" src=\"https:\/\/marronproduccions.com\/wp-content\/uploads\/2022\/09\/slr-camera-camera-photo-3752509.jpg\" class=\"attachment-full size-full wp-image-306\" alt=\"slr camera, camera, photo-3752509.jpg\" srcset=\"https:\/\/marronproduccions.com\/wp-content\/uploads\/2022\/09\/slr-camera-camera-photo-3752509.jpg 1280w, https:\/\/marronproduccions.com\/wp-content\/uploads\/2022\/09\/slr-camera-camera-photo-3752509-300x174.jpg 300w, https:\/\/marronproduccions.com\/wp-content\/uploads\/2022\/09\/slr-camera-camera-photo-3752509-1024x593.jpg 1024w, https:\/\/marronproduccions.com\/wp-content\/uploads\/2022\/09\/slr-camera-camera-photo-3752509-768x445.jpg 768w\" sizes=\"(max-width: 1280px) 100vw, 1280px\" \/><\/figure><div class=\"elementor-image-box-content\"><h3 class=\"elementor-image-box-title\">Preparamos todo el material que falte.<\/h3><\/div><\/div>\t\t\t\t<\/div>\n\t\t\t\t<\/div>\n\t\t\t\t<div class=\"elementor-element elementor-element-f092fe4 elementor-widget elementor-widget-button\" data-id=\"f092fe4\" data-element_type=\"widget\" data-e-type=\"widget\" data-widget_type=\"button.default\">\n\t\t\t\t<div class=\"elementor-widget-container\">\n\t\t\t\t\t\t\t\t\t<div class=\"elementor-button-wrapper\">\n\t\t\t\t\t<a class=\"elementor-button elementor-button-link elementor-size-sm\" href=\"#\">\n\t\t\t\t\t\t<span class=\"elementor-button-content-wrapper\">\n\t\t\t\t\t\t\t\t\t<span class=\"elementor-button-text\">Make Reservation<\/span>\n\t\t\t\t\t<\/span>\n\t\t\t\t\t<\/a>\n\t\t\t\t<\/div>\n\t\t\t\t\t\t\t\t<\/div>\n\t\t\t\t<\/div>\n\t\t\t\t\t<\/div>\n\t\t<\/div>\n\t\t\t\t\t<\/div>\n\t\t<\/section>\n\t\t\t\t<section class=\"elementor-section elementor-top-section elementor-element elementor-element-391009c elementor-section-boxed elementor-section-height-default elementor-section-height-default\" data-id=\"391009c\" data-element_type=\"section\" data-e-type=\"section\">\n\t\t\t\t\t\t<div class=\"elementor-container elementor-column-gap-no\">\n\t\t\t\t\t<div class=\"elementor-column elementor-col-50 elementor-top-column elementor-element elementor-element-ba7d00e\" data-id=\"ba7d00e\" data-element_type=\"column\" data-e-type=\"column\">\n\t\t\t<div class=\"elementor-widget-wrap elementor-element-populated\">\n\t\t\t\t\t\t<div class=\"elementor-element elementor-element-aade905 elementor-widget elementor-widget-heading\" data-id=\"aade905\" data-element_type=\"widget\" data-e-type=\"widget\" data-widget_type=\"heading.default\">\n\t\t\t\t<div class=\"elementor-widget-container\">\n\t\t\t\t\t<h2 class=\"elementor-heading-title elementor-size-default\">La Equipa<\/h2>\t\t\t\t<\/div>\n\t\t\t\t<\/div>\n\t\t\t\t<div class=\"elementor-element elementor-element-6460cee elementor-widget elementor-widget-testimonial\" data-id=\"6460cee\" data-element_type=\"widget\" data-e-type=\"widget\" data-widget_type=\"testimonial.default\">\n\t\t\t\t<div class=\"elementor-widget-container\">\n\t\t\t\t\t\t\t<div class=\"elementor-testimonial-wrapper\">\n\t\t\t\n\t\t\t\t\t\t<div class=\"elementor-testimonial-meta elementor-has-image elementor-testimonial-image-position-aside\">\n\t\t\t\t<div class=\"elementor-testimonial-meta-inner\">\n\t\t\t\t\t\t\t\t\t\t\t<div class=\"elementor-testimonial-image\">\n\t\t\t\t\t\t\t<img loading=\"lazy\" decoding=\"async\" width=\"1600\" height=\"1066\" src=\"https:\/\/marronproduccions.com\/wp-content\/uploads\/2022\/09\/WhatsApp-Image-2022-09-05-at-17.36.03.jpeg\" class=\"attachment-full size-full wp-image-362\" alt=\"\" srcset=\"https:\/\/marronproduccions.com\/wp-content\/uploads\/2022\/09\/WhatsApp-Image-2022-09-05-at-17.36.03.jpeg 1600w, https:\/\/marronproduccions.com\/wp-content\/uploads\/2022\/09\/WhatsApp-Image-2022-09-05-at-17.36.03-300x200.jpeg 300w, https:\/\/marronproduccions.com\/wp-content\/uploads\/2022\/09\/WhatsApp-Image-2022-09-05-at-17.36.03-1024x682.jpeg 1024w, https:\/\/marronproduccions.com\/wp-content\/uploads\/2022\/09\/WhatsApp-Image-2022-09-05-at-17.36.03-768x512.jpeg 768w, https:\/\/marronproduccions.com\/wp-content\/uploads\/2022\/09\/WhatsApp-Image-2022-09-05-at-17.36.03-1536x1023.jpeg 1536w\" sizes=\"(max-width: 1600px) 100vw, 1600px\" \/>\t\t\t\t\t\t<\/div>\n\t\t\t\t\t\n\t\t\t\t\t\t\t\t\t\t<div class=\"elementor-testimonial-details\">\n\t\t\t\t\t\t\t\t\t\t\t\t\t\t<div class=\"elementor-testimonial-name\">Anais Muniesa<\/div>\n\t\t\t\t\t\t\t\t\t\t\t\t\t\t\t\t\t\t\t<\/div>\n\t\t\t\t\t\t\t\t\t<\/div>\n\t\t\t<\/div>\n\t\t\t\t\t<\/div>\n\t\t\t\t\t\t<\/div>\n\t\t\t\t<\/div>\n\t\t\t\t\t<\/div>\n\t\t<\/div>\n\t\t\t\t<div class=\"elementor-column elementor-col-50 elementor-top-column elementor-element elementor-element-26ab11d\" data-id=\"26ab11d\" data-element_type=\"column\" data-e-type=\"column\">\n\t\t\t<div class=\"elementor-widget-wrap elementor-element-populated\">\n\t\t\t\t\t\t<div class=\"elementor-element elementor-element-caefb71 elementor-widget elementor-widget-testimonial\" data-id=\"caefb71\" data-element_type=\"widget\" data-e-type=\"widget\" data-widget_type=\"testimonial.default\">\n\t\t\t\t<div class=\"elementor-widget-container\">\n\t\t\t\t\t\t\t<div class=\"elementor-testimonial-wrapper\">\n\t\t\t\n\t\t\t\t\t\t<div class=\"elementor-testimonial-meta elementor-has-image elementor-testimonial-image-position-aside\">\n\t\t\t\t<div class=\"elementor-testimonial-meta-inner\">\n\t\t\t\t\t\t\t\t\t\t\t<div class=\"elementor-testimonial-image\">\n\t\t\t\t\t\t\t<img loading=\"lazy\" decoding=\"async\" width=\"2560\" height=\"1707\" src=\"https:\/\/marronproduccions.com\/wp-content\/uploads\/2022\/09\/DSC02721-scaled.jpg\" class=\"attachment-full size-full wp-image-363\" alt=\"\" srcset=\"https:\/\/marronproduccions.com\/wp-content\/uploads\/2022\/09\/DSC02721-scaled.jpg 2560w, https:\/\/marronproduccions.com\/wp-content\/uploads\/2022\/09\/DSC02721-300x200.jpg 300w, https:\/\/marronproduccions.com\/wp-content\/uploads\/2022\/09\/DSC02721-1024x683.jpg 1024w, https:\/\/marronproduccions.com\/wp-content\/uploads\/2022\/09\/DSC02721-768x512.jpg 768w, https:\/\/marronproduccions.com\/wp-content\/uploads\/2022\/09\/DSC02721-1536x1024.jpg 1536w, https:\/\/marronproduccions.com\/wp-content\/uploads\/2022\/09\/DSC02721-2048x1365.jpg 2048w\" sizes=\"(max-width: 2560px) 100vw, 2560px\" \/>\t\t\t\t\t\t<\/div>\n\t\t\t\t\t\n\t\t\t\t\t\t\t\t\t\t<div class=\"elementor-testimonial-details\">\n\t\t\t\t\t\t\t\t\t\t\t\t\t\t<div class=\"elementor-testimonial-name\">Matias Aldana<\/div>\n\t\t\t\t\t\t\t\t\t\t\t\t\t\t\t\t\t\t\t<\/div>\n\t\t\t\t\t\t\t\t\t<\/div>\n\t\t\t<\/div>\n\t\t\t\t\t<\/div>\n\t\t\t\t\t\t<\/div>\n\t\t\t\t<\/div>\n\t\t\t\t<div class=\"elementor-element elementor-element-578f337 elementor-widget elementor-widget-testimonial\" data-id=\"578f337\" data-element_type=\"widget\" data-e-type=\"widget\" data-widget_type=\"testimonial.default\">\n\t\t\t\t<div class=\"elementor-widget-container\">\n\t\t\t\t\t\t\t<div class=\"elementor-testimonial-wrapper\">\n\t\t\t\n\t\t\t\t\t\t<div class=\"elementor-testimonial-meta elementor-has-image elementor-testimonial-image-position-aside\">\n\t\t\t\t<div class=\"elementor-testimonial-meta-inner\">\n\t\t\t\t\t\t\t\t\t\t\t<div class=\"elementor-testimonial-image\">\n\t\t\t\t\t\t\t<img loading=\"lazy\" decoding=\"async\" width=\"1600\" height=\"1066\" src=\"https:\/\/marronproduccions.com\/wp-content\/uploads\/2022\/09\/WhatsApp-Image-2022-08-13-at-11.38.12.jpeg\" class=\"attachment-full size-full wp-image-297\" alt=\"\" srcset=\"https:\/\/marronproduccions.com\/wp-content\/uploads\/2022\/09\/WhatsApp-Image-2022-08-13-at-11.38.12.jpeg 1600w, https:\/\/marronproduccions.com\/wp-content\/uploads\/2022\/09\/WhatsApp-Image-2022-08-13-at-11.38.12-300x200.jpeg 300w, https:\/\/marronproduccions.com\/wp-content\/uploads\/2022\/09\/WhatsApp-Image-2022-08-13-at-11.38.12-1024x682.jpeg 1024w, https:\/\/marronproduccions.com\/wp-content\/uploads\/2022\/09\/WhatsApp-Image-2022-08-13-at-11.38.12-768x512.jpeg 768w, https:\/\/marronproduccions.com\/wp-content\/uploads\/2022\/09\/WhatsApp-Image-2022-08-13-at-11.38.12-1536x1023.jpeg 1536w\" sizes=\"(max-width: 1600px) 100vw, 1600px\" \/>\t\t\t\t\t\t<\/div>\n\t\t\t\t\t\n\t\t\t\t\t\t\t\t\t\t<div class=\"elementor-testimonial-details\">\n\t\t\t\t\t\t\t\t\t\t\t\t\t\t<div class=\"elementor-testimonial-name\">Rocio Minvielle<\/div>\n\t\t\t\t\t\t\t\t\t\t\t\t\t\t\t\t\t\t\t<\/div>\n\t\t\t\t\t\t\t\t\t<\/div>\n\t\t\t<\/div>\n\t\t\t\t\t<\/div>\n\t\t\t\t\t\t<\/div>\n\t\t\t\t<\/div>\n\t\t\t\t\t<\/div>\n\t\t<\/div>\n\t\t\t\t\t<\/div>\n\t\t<\/section>\n\t\t\t\t<\/div>\n\t\t","protected":false},"excerpt":{"rendered":"<p>Encuentro de J\u00f3venes Gestores REGISTRATE La idea principal es generar un espacio de encuentro y conversaci\u00f3n entre profesionales emergentes interesados en el mundo cultural, as\u00ed como dar la bienvenida a las personas que se incorporan este a\u00f1o al mundo de la gesti\u00f3n cultural. MARRONES Nuestra Marron Desde un comienzo fue pensar en la idea de [&hellip;]<\/p>\n","protected":false},"author":1,"featured_media":0,"parent":0,"menu_order":0,"comment_status":"closed","ping_status":"closed","template":"","meta":{"om_disable_all_campaigns":false,"_monsterinsights_skip_tracking":false,"_monsterinsights_sitenote_active":false,"_monsterinsights_sitenote_note":"","_monsterinsights_sitenote_category":0,"site-sidebar-layout":"no-sidebar","site-content-layout":"page-builder","ast-site-content-layout":"default","site-content-style":"default","site-sidebar-style":"default","ast-global-header-display":"","ast-banner-title-visibility":"","ast-main-header-display":"","ast-hfb-above-header-display":"","ast-hfb-below-header-display":"","ast-hfb-mobile-header-display":"","site-post-title":"disabled","ast-breadcrumbs-content":"","ast-featured-img":"disabled","footer-sml-layout":"","ast-disable-related-posts":"","theme-transparent-header-meta":"enabled","adv-header-id-meta":"","stick-header-meta":"","header-above-stick-meta":"","header-main-stick-meta":"","header-below-stick-meta":"","astra-migrate-meta-layouts":"default","ast-page-background-enabled":"default","ast-page-background-meta":{"desktop":{"background-color":"","background-image":"","background-repeat":"repeat","background-position":"center center","background-size":"auto","background-attachment":"scroll","background-type":"","background-media":"","overlay-type":"","overlay-color":"","overlay-opacity":"","overlay-gradient":""},"tablet":{"background-color":"","background-image":"","background-repeat":"repeat","background-position":"center center","background-size":"auto","background-attachment":"scroll","background-type":"","background-media":"","overlay-type":"","overlay-color":"","overlay-opacity":"","overlay-gradient":""},"mobile":{"background-color":"","background-image":"","background-repeat":"repeat","background-position":"center center","background-size":"auto","background-attachment":"scroll","background-type":"","background-media":"","overlay-type":"","overlay-color":"","overlay-opacity":"","overlay-gradient":""}},"ast-content-background-meta":{"desktop":{"background-color":"var(--ast-global-color-5)","background-image":"","background-repeat":"repeat","background-position":"center center","background-size":"auto","background-attachment":"scroll","background-type":"","background-media":"","overlay-type":"","overlay-color":"","overlay-opacity":"","overlay-gradient":""},"tablet":{"background-color":"var(--ast-global-color-5)","background-image":"","background-repeat":"repeat","background-position":"center center","background-size":"auto","background-attachment":"scroll","background-type":"","background-media":"","overlay-type":"","overlay-color":"","overlay-opacity":"","overlay-gradient":""},"mobile":{"background-color":"var(--ast-global-color-5)","background-image":"","background-repeat":"repeat","background-position":"center center","background-size":"auto","background-attachment":"scroll","background-type":"","background-media":"","overlay-type":"","overlay-color":"","overlay-opacity":"","overlay-gradient":""}},"footnotes":""},"class_list":["post-255","page","type-page","status-publish","hentry"],"aioseo_notices":[],"_links":{"self":[{"href":"https:\/\/marronproduccions.com\/index.php?rest_route=\/wp\/v2\/pages\/255","targetHints":{"allow":["GET"]}}],"collection":[{"href":"https:\/\/marronproduccions.com\/index.php?rest_route=\/wp\/v2\/pages"}],"about":[{"href":"https:\/\/marronproduccions.com\/index.php?rest_route=\/wp\/v2\/types\/page"}],"author":[{"embeddable":true,"href":"https:\/\/marronproduccions.com\/index.php?rest_route=\/wp\/v2\/users\/1"}],"replies":[{"embeddable":true,"href":"https:\/\/marronproduccions.com\/index.php?rest_route=%2Fwp%2Fv2%2Fcomments&post=255"}],"version-history":[{"count":74,"href":"https:\/\/marronproduccions.com\/index.php?rest_route=\/wp\/v2\/pages\/255\/revisions"}],"predecessor-version":[{"id":433,"href":"https:\/\/marronproduccions.com\/index.php?rest_route=\/wp\/v2\/pages\/255\/revisions\/433"}],"wp:attachment":[{"href":"https:\/\/marronproduccions.com\/index.php?rest_route=%2Fwp%2Fv2%2Fmedia&parent=255"}],"curies":[{"name":"wp","href":"https:\/\/api.w.org\/{rel}","templated":true}]}}